{"id":1543,"date":"2021-03-01T16:53:59","date_gmt":"2021-03-01T16:53:59","guid":{"rendered":"https:\/\/www.genoke.com\/esileht\/"},"modified":"2024-03-10T21:13:20","modified_gmt":"2024-03-10T21:13:20","slug":"esileht","status":"publish","type":"page","link":"https:\/\/www.genoke.com\/fi\/","title":{"rendered":"Esileht"},"content":{"rendered":"\t\t<div data-elementor-type=\"wp-page\" data-elementor-id=\"1543\" class=\"elementor elementor-1543 elementor-17\">\n\t\t\t\t\t\t\t\t\t<section data-particle_enable=\"false\" data-particle-mobile-disabled=\"false\" class=\"elementor-section elementor-top-section elementor-element elementor-element-a9331fb elementor-section-height-full elementor-section-boxed elementor-section-height-default elementor-section-items-middle\" data-id=\"a9331fb\" data-element_type=\"section\" data-settings=\"{&quot;background_background&quot;:&quot;classic&quot;}\">\n\t\t\t\t\t\t\t<div class=\"elementor-background-overlay\"><\/div>\n\t\t\t\t\t\t\t<div class=\"elementor-container elementor-column-gap-default\">\n\t\t\t\t\t<div class=\"elementor-column elementor-col-100 elementor-top-column elementor-element elementor-element-c73370e front_column\" data-id=\"c73370e\" data-element_type=\"column\" data-settings=\"{&quot;background_background&quot;:&quot;classic&quot;}\">\n\t\t\t<div class=\"elementor-widget-wrap elementor-element-populated\">\n\t\t\t\t\t<div class=\"elementor-background-overlay\"><\/div>\n\t\t\t\t\t\t\t\t<div class=\"elementor-element elementor-element-6918cca elementor-widget elementor-widget-heading\" data-id=\"6918cca\" data-element_type=\"widget\" data-widget_type=\"heading.default\">\n\t\t\t\t<div class=\"elementor-widget-container\">\n\t\t\t<h2 class=\"elementor-heading-title elementor-size-default\">OLEMME JOHTAVA PASSIIVISTEN PALONTORJUNTARATKAISUJEN MAAHANTUOJA BALTIAN MAISSA JA SKANDINAVIAN MAISSA<\/h2>\t\t<\/div>\n\t\t\t\t<\/div>\n\t\t\t\t<div class=\"elementor-element elementor-element-4a25ceb elementor-widget elementor-widget-text-editor\" data-id=\"4a25ceb\" data-element_type=\"widget\" data-widget_type=\"text-editor.default\">\n\t\t\t\t<div class=\"elementor-widget-container\">\n\t\t\t\t\t\t\t<p lang=\"fi-FI\"><span style=\"color: #ffffff;\">Edustamme useita tunnettuja eurooppalaisia \u200b\u200bbr\u00e4ndej\u00e4, mink\u00e4 vuoksi tarjoamme parhaat ja tehokkaimmat ratkaisut.\u00a0P\u00e4\u00e4asiakkaitamme ovat palontorjuntalaitteiden asennusta ja paloturvallisuusneuvontaa tarjoavat yritykset.<\/span><\/p>\t\t\t\t\t\t<\/div>\n\t\t\t\t<\/div>\n\t\t\t\t<section data-particle_enable=\"false\" data-particle-mobile-disabled=\"false\" class=\"elementor-section elementor-inner-section elementor-element elementor-element-9ac9648 elementor-section-boxed elementor-section-height-default elementor-section-height-default\" data-id=\"9ac9648\" data-element_type=\"section\">\n\t\t\t\t\t\t<div class=\"elementor-container elementor-column-gap-default\">\n\t\t\t\t\t<div class=\"elementor-column elementor-col-50 elementor-inner-column elementor-element elementor-element-fa73a56\" data-id=\"fa73a56\" data-element_type=\"column\">\n\t\t\t<div class=\"elementor-widget-wrap elementor-element-populated\">\n\t\t\t\t\t\t\t\t<div class=\"elementor-element elementor-element-b4a9875 elementor-align-right elementor-mobile-align-center elementor-widget elementor-widget-button\" data-id=\"b4a9875\" data-element_type=\"widget\" data-widget_type=\"button.default\">\n\t\t\t\t<div class=\"elementor-widget-container\">\n\t\t\t\t\t<div class=\"elementor-button-wrapper\">\n\t\t\t<a href=\"https:\/\/www.genoke.com\/fi\/tooted\/\" class=\"elementor-button-link elementor-button elementor-size-sm\" role=\"button\">\n\t\t\t\t\t\t<span class=\"elementor-button-content-wrapper\">\n\t\t\t\t\t\t<span class=\"elementor-button-text\">TUOTTEISIIN<\/span>\n\t\t<\/span>\n\t\t\t\t\t<\/a>\n\t\t<\/div>\n\t\t\t\t<\/div>\n\t\t\t\t<\/div>\n\t\t\t\t\t<\/div>\n\t\t<\/div>\n\t\t\t\t<div class=\"elementor-column elementor-col-50 elementor-inner-column elementor-element elementor-element-f3bd792\" data-id=\"f3bd792\" data-element_type=\"column\">\n\t\t\t<div class=\"elementor-widget-wrap elementor-element-populated\">\n\t\t\t\t\t\t\t\t<div class=\"elementor-element elementor-element-21caea5 elementor-align-left elementor-mobile-align-center elementor-widget elementor-widget-button\" data-id=\"21caea5\" data-element_type=\"widget\" data-widget_type=\"button.default\">\n\t\t\t\t<div class=\"elementor-widget-container\">\n\t\t\t\t\t<div class=\"elementor-button-wrapper\">\n\t\t\t<a href=\"https:\/\/www.genoke.com\/fi\/kontakt\/\" class=\"elementor-button-link elementor-button elementor-size-sm\" role=\"button\">\n\t\t\t\t\t\t<span class=\"elementor-button-content-wrapper\">\n\t\t\t\t\t\t<span class=\"elementor-button-text\">OTA YHTEYTT\u00c0<\/span>\n\t\t<\/span>\n\t\t\t\t\t<\/a>\n\t\t<\/div>\n\t\t\t\t<\/div>\n\t\t\t\t<\/div>\n\t\t\t\t\t<\/div>\n\t\t<\/div>\n\t\t\t\t\t\t\t<\/div>\n\t\t<\/section>\n\t\t\t\t\t<\/div>\n\t\t<\/div>\n\t\t\t\t\t\t\t<\/div>\n\t\t<\/section>\n\t\t\t\t\t\t\t<\/div>\n\t\t","protected":false},"excerpt":{"rendered":"<p>OLEMME JOHTAVA PASSIIVISTEN PALONTORJUNTARATKAISUJEN MAAHANTUOJA BALTIAN MAISSA JA SKANDINAVIAN MAISSA Edustamme useita tunnettuja eurooppalaisia \u200b\u200bbr\u00e4ndej\u00e4, mink\u00e4 vuoksi tarjoamme parhaat ja tehokkaimmat ratkaisut.\u00a0P\u00e4\u00e4asiakkaitamme ovat palontorjuntalaitteiden asennusta ja paloturvallisuusneuvontaa tarjoavat yritykset. TUOTTEISIIN OTA YHTEYTT\u00c0<\/p>\n","protected":false},"author":1,"featured_media":0,"parent":0,"menu_order":0,"comment_status":"closed","ping_status":"closed","template":"","meta":{"footnotes":""},"class_list":["post-1543","page","type-page","status-publish","hentry"],"yoast_head":"<!-- This site is optimized with the Yoast SEO plugin v22.2 - https:\/\/yoast.com\/wordpress\/plugins\/seo\/ -->\n<title>Esileht - GENOKE Trading O\u00dc<\/title>\n<meta name=\"description\" content=\"Tenmat BrandShield EI\" \/>\n<meta name=\"robots\" content=\"index, follow, max-snippet:-1, max-image-preview:large, max-video-preview:-1\" \/>\n<link rel=\"canonical\" href=\"https:\/\/www.genoke.com\/fi\/\" \/>\n<meta property=\"og:locale\" content=\"fi_FI\" \/>\n<meta property=\"og:type\" content=\"article\" \/>\n<meta property=\"og:title\" content=\"Esileht - GENOKE Trading O\u00dc\" \/>\n<meta property=\"og:description\" content=\"Tenmat BrandShield EI\" \/>\n<meta property=\"og:url\" content=\"https:\/\/www.genoke.com\/fi\/\" \/>\n<meta property=\"og:site_name\" content=\"GENOKE Trading O\u00dc\" \/>\n<meta property=\"article:publisher\" content=\"https:\/\/www.facebook.com\/search\/top?q=genoke\" \/>\n<meta property=\"article:modified_time\" content=\"2024-03-10T21:13:20+00:00\" \/>\n<meta name=\"twitter:card\" content=\"summary_large_image\" \/>\n<meta name=\"twitter:label1\" content=\"Arvioitu lukuaika\" \/>\n\t<meta name=\"twitter:data1\" content=\"1 minuutti\" \/>\n<script type=\"application\/ld+json\" class=\"yoast-schema-graph\">{\"@context\":\"https:\/\/schema.org\",\"@graph\":[{\"@type\":\"WebPage\",\"@id\":\"https:\/\/www.genoke.com\/fi\/\",\"url\":\"https:\/\/www.genoke.com\/fi\/\",\"name\":\"Esileht - GENOKE Trading O\u00dc\",\"isPartOf\":{\"@id\":\"https:\/\/www.genoke.com\/fi\/#website\"},\"datePublished\":\"2021-03-01T16:53:59+00:00\",\"dateModified\":\"2024-03-10T21:13:20+00:00\",\"description\":\"Tenmat BrandShield EI\",\"breadcrumb\":{\"@id\":\"https:\/\/www.genoke.com\/fi\/#breadcrumb\"},\"inLanguage\":\"fi\",\"potentialAction\":[{\"@type\":\"ReadAction\",\"target\":[\"https:\/\/www.genoke.com\/fi\/\"]}]},{\"@type\":\"BreadcrumbList\",\"@id\":\"https:\/\/www.genoke.com\/fi\/#breadcrumb\",\"itemListElement\":[{\"@type\":\"ListItem\",\"position\":1,\"name\":\"Home\",\"item\":\"https:\/\/www.genoke.com\/fi\/\"},{\"@type\":\"ListItem\",\"position\":2,\"name\":\"Esileht\"}]},{\"@type\":\"WebSite\",\"@id\":\"https:\/\/www.genoke.com\/fi\/#website\",\"url\":\"https:\/\/www.genoke.com\/fi\/\",\"name\":\"GENOKE Trading O\u00dc\",\"description\":\"Juhtiv passiivse tulekaitse lahenduste maaletooja Balti riikides ja Soomes.\",\"publisher\":{\"@id\":\"https:\/\/www.genoke.com\/fi\/#organization\"},\"alternateName\":\"Tenmat BrandShield EI\",\"potentialAction\":[{\"@type\":\"SearchAction\",\"target\":{\"@type\":\"EntryPoint\",\"urlTemplate\":\"https:\/\/www.genoke.com\/fi\/?s={search_term_string}\"},\"query-input\":\"required name=search_term_string\"}],\"inLanguage\":\"fi\"},{\"@type\":\"Organization\",\"@id\":\"https:\/\/www.genoke.com\/fi\/#organization\",\"name\":\"GENOKE Trading O\u00dc\",\"url\":\"https:\/\/www.genoke.com\/fi\/\",\"logo\":{\"@type\":\"ImageObject\",\"inLanguage\":\"fi\",\"@id\":\"https:\/\/www.genoke.com\/fi\/#\/schema\/logo\/image\/\",\"url\":\"https:\/\/www.genoke.com\/wp-content\/uploads\/2021\/03\/Genoke_logo-blue.png\",\"contentUrl\":\"https:\/\/www.genoke.com\/wp-content\/uploads\/2021\/03\/Genoke_logo-blue.png\",\"width\":1200,\"height\":1481,\"caption\":\"GENOKE Trading O\u00dc\"},\"image\":{\"@id\":\"https:\/\/www.genoke.com\/fi\/#\/schema\/logo\/image\/\"},\"sameAs\":[\"https:\/\/www.facebook.com\/search\/top?q=genoke\"]}]}<\/script>\n<!-- \/ Yoast SEO plugin. -->","yoast_head_json":{"title":"Esileht - GENOKE Trading O\u00dc","description":"Tenmat BrandShield EI","robots":{"index":"index","follow":"follow","max-snippet":"max-snippet:-1","max-image-preview":"max-image-preview:large","max-video-preview":"max-video-preview:-1"},"canonical":"https:\/\/www.genoke.com\/fi\/","og_locale":"fi_FI","og_type":"article","og_title":"Esileht - GENOKE Trading O\u00dc","og_description":"Tenmat BrandShield EI","og_url":"https:\/\/www.genoke.com\/fi\/","og_site_name":"GENOKE Trading O\u00dc","article_publisher":"https:\/\/www.facebook.com\/search\/top?q=genoke","article_modified_time":"2024-03-10T21:13:20+00:00","twitter_card":"summary_large_image","twitter_misc":{"Arvioitu lukuaika":"1 minuutti"},"schema":{"@context":"https:\/\/schema.org","@graph":[{"@type":"WebPage","@id":"https:\/\/www.genoke.com\/fi\/","url":"https:\/\/www.genoke.com\/fi\/","name":"Esileht - GENOKE Trading O\u00dc","isPartOf":{"@id":"https:\/\/www.genoke.com\/fi\/#website"},"datePublished":"2021-03-01T16:53:59+00:00","dateModified":"2024-03-10T21:13:20+00:00","description":"Tenmat BrandShield EI","breadcrumb":{"@id":"https:\/\/www.genoke.com\/fi\/#breadcrumb"},"inLanguage":"fi","potentialAction":[{"@type":"ReadAction","target":["https:\/\/www.genoke.com\/fi\/"]}]},{"@type":"BreadcrumbList","@id":"https:\/\/www.genoke.com\/fi\/#breadcrumb","itemListElement":[{"@type":"ListItem","position":1,"name":"Home","item":"https:\/\/www.genoke.com\/fi\/"},{"@type":"ListItem","position":2,"name":"Esileht"}]},{"@type":"WebSite","@id":"https:\/\/www.genoke.com\/fi\/#website","url":"https:\/\/www.genoke.com\/fi\/","name":"GENOKE Trading O\u00dc","description":"Juhtiv passiivse tulekaitse lahenduste maaletooja Balti riikides ja Soomes.","publisher":{"@id":"https:\/\/www.genoke.com\/fi\/#organization"},"alternateName":"Tenmat BrandShield EI","potentialAction":[{"@type":"SearchAction","target":{"@type":"EntryPoint","urlTemplate":"https:\/\/www.genoke.com\/fi\/?s={search_term_string}"},"query-input":"required name=search_term_string"}],"inLanguage":"fi"},{"@type":"Organization","@id":"https:\/\/www.genoke.com\/fi\/#organization","name":"GENOKE Trading O\u00dc","url":"https:\/\/www.genoke.com\/fi\/","logo":{"@type":"ImageObject","inLanguage":"fi","@id":"https:\/\/www.genoke.com\/fi\/#\/schema\/logo\/image\/","url":"https:\/\/www.genoke.com\/wp-content\/uploads\/2021\/03\/Genoke_logo-blue.png","contentUrl":"https:\/\/www.genoke.com\/wp-content\/uploads\/2021\/03\/Genoke_logo-blue.png","width":1200,"height":1481,"caption":"GENOKE Trading O\u00dc"},"image":{"@id":"https:\/\/www.genoke.com\/fi\/#\/schema\/logo\/image\/"},"sameAs":["https:\/\/www.facebook.com\/search\/top?q=genoke"]}]}},"_links":{"self":[{"href":"https:\/\/www.genoke.com\/fi\/wp-json\/wp\/v2\/pages\/1543","targetHints":{"allow":["GET"]}}],"collection":[{"href":"https:\/\/www.genoke.com\/fi\/wp-json\/wp\/v2\/pages"}],"about":[{"href":"https:\/\/www.genoke.com\/fi\/wp-json\/wp\/v2\/types\/page"}],"author":[{"embeddable":true,"href":"https:\/\/www.genoke.com\/fi\/wp-json\/wp\/v2\/users\/1"}],"replies":[{"embeddable":true,"href":"https:\/\/www.genoke.com\/fi\/wp-json\/wp\/v2\/comments?post=1543"}],"version-history":[{"count":62,"href":"https:\/\/www.genoke.com\/fi\/wp-json\/wp\/v2\/pages\/1543\/revisions"}],"predecessor-version":[{"id":2853,"href":"https:\/\/www.genoke.com\/fi\/wp-json\/wp\/v2\/pages\/1543\/revisions\/2853"}],"wp:attachment":[{"href":"https:\/\/www.genoke.com\/fi\/wp-json\/wp\/v2\/media?parent=1543"}],"curies":[{"name":"wp","href":"https:\/\/api.w.org\/{rel}","templated":true}]}}