{"id":1649,"date":"2021-03-01T16:54:25","date_gmt":"2021-03-01T16:54:25","guid":{"rendered":"https:\/\/www.genoke.com\/edasimuujad\/"},"modified":"2026-03-24T09:41:01","modified_gmt":"2026-03-24T09:41:01","slug":"edasimuujad","status":"publish","type":"page","link":"https:\/\/www.genoke.com\/fi\/edasimuujad\/","title":{"rendered":"Edasim\u00fc\u00fcjad"},"content":{"rendered":"\t\t<div data-elementor-type=\"wp-page\" data-elementor-id=\"1649\" class=\"elementor elementor-1649 elementor-23\">\n\t\t\t\t\t\t\t\t\t<section data-particle_enable=\"false\" data-particle-mobile-disabled=\"false\" class=\"elementor-section elementor-top-section elementor-element elementor-element-66b340d elementor-section-height-min-height elementor-section-items-bottom elementor-section-boxed elementor-section-height-default\" data-id=\"66b340d\" data-element_type=\"section\" data-settings=\"{&quot;background_background&quot;:&quot;classic&quot;}\">\n\t\t\t\t\t\t\t<div class=\"elementor-background-overlay\"><\/div>\n\t\t\t\t\t\t\t<div class=\"elementor-container elementor-column-gap-default\">\n\t\t\t\t\t<div class=\"elementor-column elementor-col-100 elementor-top-column elementor-element elementor-element-74ab7483 front_column\" data-id=\"74ab7483\" data-element_type=\"column\" data-settings=\"{&quot;background_background&quot;:&quot;classic&quot;}\">\n\t\t\t<div class=\"elementor-widget-wrap elementor-element-populated\">\n\t\t\t\t\t<div class=\"elementor-background-overlay\"><\/div>\n\t\t\t\t\t\t\t\t<div class=\"elementor-element elementor-element-6820751f elementor-widget elementor-widget-heading\" data-id=\"6820751f\" data-element_type=\"widget\" data-widget_type=\"heading.default\">\n\t\t\t\t<div class=\"elementor-widget-container\">\n\t\t\t<h2 class=\"elementor-heading-title elementor-size-default\">J\u00c4LLEENMYYJ\u00c4T<\/h2>\t\t<\/div>\n\t\t\t\t<\/div>\n\t\t\t\t\t<\/div>\n\t\t<\/div>\n\t\t\t\t\t\t\t<\/div>\n\t\t<\/section>\n\t\t\t\t<section data-particle_enable=\"false\" data-particle-mobile-disabled=\"false\" class=\"elementor-section elementor-top-section elementor-element elementor-element-bd4c5d6 elementor-section-boxed elementor-section-height-default elementor-section-height-default\" data-id=\"bd4c5d6\" data-element_type=\"section\">\n\t\t\t\t\t\t<div class=\"elementor-container elementor-column-gap-default\">\n\t\t\t\t\t<div class=\"elementor-column elementor-col-100 elementor-top-column elementor-element elementor-element-02be90b\" data-id=\"02be90b\" data-element_type=\"column\">\n\t\t\t<div class=\"elementor-widget-wrap elementor-element-populated\">\n\t\t\t\t\t\t\t\t<section data-particle_enable=\"false\" data-particle-mobile-disabled=\"false\" class=\"elementor-section elementor-inner-section elementor-element elementor-element-ed375f5 elementor-section-boxed elementor-section-height-default elementor-section-height-default\" data-id=\"ed375f5\" data-element_type=\"section\">\n\t\t\t\t\t\t<div class=\"elementor-container elementor-column-gap-default\">\n\t\t\t\t\t<div class=\"elementor-column elementor-col-33 elementor-inner-column elementor-element elementor-element-6702064\" data-id=\"6702064\" data-element_type=\"column\">\n\t\t\t<div class=\"elementor-widget-wrap elementor-element-populated\">\n\t\t\t\t\t\t\t\t<div class=\"elementor-element elementor-element-d1c49dc elementor-widget elementor-widget-image\" data-id=\"d1c49dc\" data-element_type=\"widget\" data-widget_type=\"image.default\">\n\t\t\t\t<div class=\"elementor-widget-container\">\n\t\t\t\t\t\t\t\t\t\t\t\t\t\t\t<img loading=\"lazy\" decoding=\"async\" width=\"800\" height=\"267\" src=\"https:\/\/www.genoke.com\/wp-content\/uploads\/2023\/05\/Hekamerk_horisontaalne_RGB_1200.png\" class=\"attachment-large size-large wp-image-2652\" alt=\"\" \/>\t\t\t\t\t\t\t\t\t\t\t\t\t\t\t<\/div>\n\t\t\t\t<\/div>\n\t\t\t\t\t<\/div>\n\t\t<\/div>\n\t\t\t\t<div class=\"elementor-column elementor-col-33 elementor-inner-column elementor-element elementor-element-fb105ce\" data-id=\"fb105ce\" data-element_type=\"column\">\n\t\t\t<div class=\"elementor-widget-wrap elementor-element-populated\">\n\t\t\t\t\t\t\t\t<div class=\"elementor-element elementor-element-1a898ef elementor-widget elementor-widget-image\" data-id=\"1a898ef\" data-element_type=\"widget\" data-widget_type=\"image.default\">\n\t\t\t\t<div class=\"elementor-widget-container\">\n\t\t\t\t\t\t\t\t\t\t\t\t\t\t\t<img loading=\"lazy\" decoding=\"async\" width=\"600\" height=\"303\" src=\"https:\/\/www.genoke.com\/wp-content\/uploads\/2021\/03\/Dahl_block.jpg\" class=\"attachment-large size-large wp-image-1068\" alt=\"\" srcset=\"https:\/\/www.genoke.com\/wp-content\/uploads\/2021\/03\/Dahl_block.jpg 600w, https:\/\/www.genoke.com\/wp-content\/uploads\/2021\/03\/Dahl_block-300x152.jpg 300w\" sizes=\"auto, (max-width: 600px) 100vw, 600px\" \/>\t\t\t\t\t\t\t\t\t\t\t\t\t\t\t<\/div>\n\t\t\t\t<\/div>\n\t\t\t\t\t<\/div>\n\t\t<\/div>\n\t\t\t\t<div class=\"elementor-column elementor-col-33 elementor-inner-column elementor-element elementor-element-7613d79\" data-id=\"7613d79\" data-element_type=\"column\">\n\t\t\t<div class=\"elementor-widget-wrap elementor-element-populated\">\n\t\t\t\t\t\t\t\t<div class=\"elementor-element elementor-element-be0c3f7 elementor-widget elementor-widget-image\" data-id=\"be0c3f7\" data-element_type=\"widget\" data-widget_type=\"image.default\">\n\t\t\t\t<div class=\"elementor-widget-container\">\n\t\t\t\t\t\t\t\t\t\t\t\t\t\t\t<img loading=\"lazy\" decoding=\"async\" width=\"800\" height=\"192\" src=\"https:\/\/www.genoke.com\/wp-content\/uploads\/2021\/03\/swelbalt-logo-1024x246.jpg\" class=\"attachment-large size-large wp-image-1304\" alt=\"\" srcset=\"https:\/\/www.genoke.com\/wp-content\/uploads\/2021\/03\/swelbalt-logo-1024x246.jpg 1024w, https:\/\/www.genoke.com\/wp-content\/uploads\/2021\/03\/swelbalt-logo-300x72.jpg 300w, https:\/\/www.genoke.com\/wp-content\/uploads\/2021\/03\/swelbalt-logo-768x184.jpg 768w, https:\/\/www.genoke.com\/wp-content\/uploads\/2021\/03\/swelbalt-logo.jpg 1087w\" sizes=\"auto, (max-width: 800px) 100vw, 800px\" \/>\t\t\t\t\t\t\t\t\t\t\t\t\t\t\t<\/div>\n\t\t\t\t<\/div>\n\t\t\t\t\t<\/div>\n\t\t<\/div>\n\t\t\t\t\t\t\t<\/div>\n\t\t<\/section>\n\t\t\t\t<section data-particle_enable=\"false\" data-particle-mobile-disabled=\"false\" class=\"elementor-section elementor-inner-section elementor-element elementor-element-c4286a6 elementor-section-boxed elementor-section-height-default elementor-section-height-default\" data-id=\"c4286a6\" data-element_type=\"section\">\n\t\t\t\t\t\t<div class=\"elementor-container elementor-column-gap-default\">\n\t\t\t\t\t<div class=\"elementor-column elementor-col-33 elementor-inner-column elementor-element elementor-element-cc44bf8\" data-id=\"cc44bf8\" data-element_type=\"column\">\n\t\t\t<div class=\"elementor-widget-wrap elementor-element-populated\">\n\t\t\t\t\t\t\t\t<div class=\"elementor-element elementor-element-e7ed680 elementor-widget elementor-widget-image\" data-id=\"e7ed680\" data-element_type=\"widget\" data-widget_type=\"image.default\">\n\t\t\t\t<div class=\"elementor-widget-container\">\n\t\t\t\t\t\t\t\t\t\t\t\t\t\t\t<img loading=\"lazy\" decoding=\"async\" width=\"660\" height=\"221\" src=\"https:\/\/www.genoke.com\/wp-content\/uploads\/2021\/03\/Online-Medium-660x-onninen_logo_cmyk.indd_.png\" class=\"attachment-large size-large wp-image-1296\" alt=\"\" srcset=\"https:\/\/www.genoke.com\/wp-content\/uploads\/2021\/03\/Online-Medium-660x-onninen_logo_cmyk.indd_.png 660w, https:\/\/www.genoke.com\/wp-content\/uploads\/2021\/03\/Online-Medium-660x-onninen_logo_cmyk.indd_-300x100.png 300w\" sizes=\"auto, (max-width: 660px) 100vw, 660px\" \/>\t\t\t\t\t\t\t\t\t\t\t\t\t\t\t<\/div>\n\t\t\t\t<\/div>\n\t\t\t\t\t<\/div>\n\t\t<\/div>\n\t\t\t\t<div class=\"elementor-column elementor-col-33 elementor-inner-column elementor-element elementor-element-9a1693d\" data-id=\"9a1693d\" data-element_type=\"column\">\n\t\t\t<div class=\"elementor-widget-wrap elementor-element-populated\">\n\t\t\t\t\t\t\t\t<div class=\"elementor-element elementor-element-389567b elementor-widget elementor-widget-image\" data-id=\"389567b\" data-element_type=\"widget\" data-widget_type=\"image.default\">\n\t\t\t\t<div class=\"elementor-widget-container\">\n\t\t\t\t\t\t\t\t\t\t\t\t\t\t\t<img loading=\"lazy\" decoding=\"async\" width=\"640\" height=\"213\" src=\"https:\/\/www.genoke.com\/wp-content\/uploads\/2025\/09\/tulipunane_1600.png\" class=\"attachment-large size-large wp-image-2950\" alt=\"\" \/>\t\t\t\t\t\t\t\t\t\t\t\t\t\t\t<\/div>\n\t\t\t\t<\/div>\n\t\t\t\t\t<\/div>\n\t\t<\/div>\n\t\t\t\t<div class=\"elementor-column elementor-col-33 elementor-inner-column elementor-element elementor-element-b03e1f3\" data-id=\"b03e1f3\" data-element_type=\"column\">\n\t\t\t<div class=\"elementor-widget-wrap elementor-element-populated\">\n\t\t\t\t\t\t\t\t<div class=\"elementor-element elementor-element-6bf634e elementor-widget elementor-widget-image\" data-id=\"6bf634e\" data-element_type=\"widget\" data-widget_type=\"image.default\">\n\t\t\t\t<div class=\"elementor-widget-container\">\n\t\t\t\t\t\t\t\t\t\t\t\t\t\t\t<img loading=\"lazy\" decoding=\"async\" width=\"403\" height=\"114\" src=\"https:\/\/www.genoke.com\/wp-content\/uploads\/2021\/03\/hydrotehnika_logo.png\" class=\"attachment-large size-large wp-image-1080\" alt=\"\" srcset=\"https:\/\/www.genoke.com\/wp-content\/uploads\/2021\/03\/hydrotehnika_logo.png 403w, https:\/\/www.genoke.com\/wp-content\/uploads\/2021\/03\/hydrotehnika_logo-300x85.png 300w\" sizes=\"auto, (max-width: 403px) 100vw, 403px\" \/>\t\t\t\t\t\t\t\t\t\t\t\t\t\t\t<\/div>\n\t\t\t\t<\/div>\n\t\t\t\t\t<\/div>\n\t\t<\/div>\n\t\t\t\t\t\t\t<\/div>\n\t\t<\/section>\n\t\t\t\t\t<\/div>\n\t\t<\/div>\n\t\t\t\t\t\t\t<\/div>\n\t\t<\/section>\n\t\t\t\t<section data-particle_enable=\"false\" data-particle-mobile-disabled=\"false\" class=\"elementor-section elementor-top-section elementor-element elementor-element-5bb3cd14 elementor-section-boxed elementor-section-height-default elementor-section-height-default\" data-id=\"5bb3cd14\" data-element_type=\"section\">\n\t\t\t\t\t\t<div class=\"elementor-container elementor-column-gap-default\">\n\t\t\t\t\t<div class=\"elementor-column elementor-col-100 elementor-top-column elementor-element elementor-element-4330d3d6\" data-id=\"4330d3d6\" data-element_type=\"column\">\n\t\t\t<div class=\"elementor-widget-wrap elementor-element-populated\">\n\t\t\t\t\t\t\t\t<div class=\"elementor-element elementor-element-3652ee85 elementor-widget elementor-widget-spacer\" data-id=\"3652ee85\" data-element_type=\"widget\" data-widget_type=\"spacer.default\">\n\t\t\t\t<div class=\"elementor-widget-container\">\n\t\t\t\t\t<div class=\"elementor-spacer\">\n\t\t\t<div class=\"elementor-spacer-inner\"><\/div>\n\t\t<\/div>\n\t\t\t\t<\/div>\n\t\t\t\t<\/div>\n\t\t\t\t\t<\/div>\n\t\t<\/div>\n\t\t\t\t\t\t\t<\/div>\n\t\t<\/section>\n\t\t\t\t\t\t\t<\/div>\n\t\t","protected":false},"excerpt":{"rendered":"<p>J\u00c4LLEENMYYJ\u00c4T<\/p>\n","protected":false},"author":1,"featured_media":0,"parent":0,"menu_order":0,"comment_status":"closed","ping_status":"closed","template":"","meta":{"footnotes":""},"class_list":["post-1649","page","type-page","status-publish","hentry"],"yoast_head":"<!-- This site is optimized with the Yoast SEO plugin v22.2 - https:\/\/yoast.com\/wordpress\/plugins\/seo\/ -->\n<title>Edasim\u00fc\u00fcjad - GENOKE Trading O\u00dc<\/title>\n<meta name=\"description\" content=\"Tenmat BrandShield EI\" \/>\n<meta name=\"robots\" content=\"index, follow, max-snippet:-1, max-image-preview:large, max-video-preview:-1\" \/>\n<link rel=\"canonical\" href=\"https:\/\/www.genoke.com\/fi\/edasimuujad\/\" \/>\n<meta property=\"og:locale\" content=\"fi_FI\" \/>\n<meta property=\"og:type\" content=\"article\" \/>\n<meta property=\"og:title\" content=\"Edasim\u00fc\u00fcjad - GENOKE Trading O\u00dc\" \/>\n<meta property=\"og:description\" content=\"Tenmat BrandShield EI\" \/>\n<meta property=\"og:url\" content=\"https:\/\/www.genoke.com\/fi\/edasimuujad\/\" \/>\n<meta property=\"og:site_name\" content=\"GENOKE Trading O\u00dc\" \/>\n<meta property=\"article:publisher\" content=\"https:\/\/www.facebook.com\/search\/top?q=genoke\" \/>\n<meta property=\"article:modified_time\" content=\"2026-03-24T09:41:01+00:00\" \/>\n<meta property=\"og:image\" content=\"https:\/\/www.genoke.com\/wp-content\/uploads\/2023\/05\/Hekamerk_horisontaalne_RGB_1200.png\" \/>\n<meta name=\"twitter:card\" content=\"summary_large_image\" \/>\n<meta name=\"twitter:label1\" content=\"Arvioitu lukuaika\" \/>\n\t<meta name=\"twitter:data1\" content=\"2 minuuttia\" \/>\n<script type=\"application\/ld+json\" class=\"yoast-schema-graph\">{\"@context\":\"https:\/\/schema.org\",\"@graph\":[{\"@type\":\"WebPage\",\"@id\":\"https:\/\/www.genoke.com\/fi\/edasimuujad\/\",\"url\":\"https:\/\/www.genoke.com\/fi\/edasimuujad\/\",\"name\":\"Edasim\u00fc\u00fcjad - GENOKE Trading O\u00dc\",\"isPartOf\":{\"@id\":\"https:\/\/www.genoke.com\/fi\/#website\"},\"primaryImageOfPage\":{\"@id\":\"https:\/\/www.genoke.com\/fi\/edasimuujad\/#primaryimage\"},\"image\":{\"@id\":\"https:\/\/www.genoke.com\/fi\/edasimuujad\/#primaryimage\"},\"thumbnailUrl\":\"https:\/\/www.genoke.com\/wp-content\/uploads\/2023\/05\/Hekamerk_horisontaalne_RGB_1200.png\",\"datePublished\":\"2021-03-01T16:54:25+00:00\",\"dateModified\":\"2026-03-24T09:41:01+00:00\",\"description\":\"Tenmat BrandShield EI\",\"breadcrumb\":{\"@id\":\"https:\/\/www.genoke.com\/fi\/edasimuujad\/#breadcrumb\"},\"inLanguage\":\"fi\",\"potentialAction\":[{\"@type\":\"ReadAction\",\"target\":[\"https:\/\/www.genoke.com\/fi\/edasimuujad\/\"]}]},{\"@type\":\"ImageObject\",\"inLanguage\":\"fi\",\"@id\":\"https:\/\/www.genoke.com\/fi\/edasimuujad\/#primaryimage\",\"url\":\"https:\/\/www.genoke.com\/wp-content\/uploads\/2023\/05\/Hekamerk_horisontaalne_RGB_1200.png\",\"contentUrl\":\"https:\/\/www.genoke.com\/wp-content\/uploads\/2023\/05\/Hekamerk_horisontaalne_RGB_1200.png\",\"width\":1200,\"height\":400},{\"@type\":\"BreadcrumbList\",\"@id\":\"https:\/\/www.genoke.com\/fi\/edasimuujad\/#breadcrumb\",\"itemListElement\":[{\"@type\":\"ListItem\",\"position\":1,\"name\":\"Home\",\"item\":\"https:\/\/www.genoke.com\/fi\/\"},{\"@type\":\"ListItem\",\"position\":2,\"name\":\"Edasim\u00fc\u00fcjad\"}]},{\"@type\":\"WebSite\",\"@id\":\"https:\/\/www.genoke.com\/fi\/#website\",\"url\":\"https:\/\/www.genoke.com\/fi\/\",\"name\":\"GENOKE Trading O\u00dc\",\"description\":\"Juhtiv passiivse tulekaitse lahenduste maaletooja Balti riikides ja Soomes.\",\"publisher\":{\"@id\":\"https:\/\/www.genoke.com\/fi\/#organization\"},\"alternateName\":\"Tenmat BrandShield EI\",\"potentialAction\":[{\"@type\":\"SearchAction\",\"target\":{\"@type\":\"EntryPoint\",\"urlTemplate\":\"https:\/\/www.genoke.com\/fi\/?s={search_term_string}\"},\"query-input\":\"required name=search_term_string\"}],\"inLanguage\":\"fi\"},{\"@type\":\"Organization\",\"@id\":\"https:\/\/www.genoke.com\/fi\/#organization\",\"name\":\"GENOKE Trading O\u00dc\",\"url\":\"https:\/\/www.genoke.com\/fi\/\",\"logo\":{\"@type\":\"ImageObject\",\"inLanguage\":\"fi\",\"@id\":\"https:\/\/www.genoke.com\/fi\/#\/schema\/logo\/image\/\",\"url\":\"https:\/\/www.genoke.com\/wp-content\/uploads\/2021\/03\/Genoke_logo-blue.png\",\"contentUrl\":\"https:\/\/www.genoke.com\/wp-content\/uploads\/2021\/03\/Genoke_logo-blue.png\",\"width\":1200,\"height\":1481,\"caption\":\"GENOKE Trading O\u00dc\"},\"image\":{\"@id\":\"https:\/\/www.genoke.com\/fi\/#\/schema\/logo\/image\/\"},\"sameAs\":[\"https:\/\/www.facebook.com\/search\/top?q=genoke\"]}]}<\/script>\n<!-- \/ Yoast SEO plugin. -->","yoast_head_json":{"title":"Edasim\u00fc\u00fcjad - GENOKE Trading O\u00dc","description":"Tenmat BrandShield EI","robots":{"index":"index","follow":"follow","max-snippet":"max-snippet:-1","max-image-preview":"max-image-preview:large","max-video-preview":"max-video-preview:-1"},"canonical":"https:\/\/www.genoke.com\/fi\/edasimuujad\/","og_locale":"fi_FI","og_type":"article","og_title":"Edasim\u00fc\u00fcjad - GENOKE Trading O\u00dc","og_description":"Tenmat BrandShield EI","og_url":"https:\/\/www.genoke.com\/fi\/edasimuujad\/","og_site_name":"GENOKE Trading O\u00dc","article_publisher":"https:\/\/www.facebook.com\/search\/top?q=genoke","article_modified_time":"2026-03-24T09:41:01+00:00","og_image":[{"url":"https:\/\/www.genoke.com\/wp-content\/uploads\/2023\/05\/Hekamerk_horisontaalne_RGB_1200.png"}],"twitter_card":"summary_large_image","twitter_misc":{"Arvioitu lukuaika":"2 minuuttia"},"schema":{"@context":"https:\/\/schema.org","@graph":[{"@type":"WebPage","@id":"https:\/\/www.genoke.com\/fi\/edasimuujad\/","url":"https:\/\/www.genoke.com\/fi\/edasimuujad\/","name":"Edasim\u00fc\u00fcjad - GENOKE Trading O\u00dc","isPartOf":{"@id":"https:\/\/www.genoke.com\/fi\/#website"},"primaryImageOfPage":{"@id":"https:\/\/www.genoke.com\/fi\/edasimuujad\/#primaryimage"},"image":{"@id":"https:\/\/www.genoke.com\/fi\/edasimuujad\/#primaryimage"},"thumbnailUrl":"https:\/\/www.genoke.com\/wp-content\/uploads\/2023\/05\/Hekamerk_horisontaalne_RGB_1200.png","datePublished":"2021-03-01T16:54:25+00:00","dateModified":"2026-03-24T09:41:01+00:00","description":"Tenmat BrandShield EI","breadcrumb":{"@id":"https:\/\/www.genoke.com\/fi\/edasimuujad\/#breadcrumb"},"inLanguage":"fi","potentialAction":[{"@type":"ReadAction","target":["https:\/\/www.genoke.com\/fi\/edasimuujad\/"]}]},{"@type":"ImageObject","inLanguage":"fi","@id":"https:\/\/www.genoke.com\/fi\/edasimuujad\/#primaryimage","url":"https:\/\/www.genoke.com\/wp-content\/uploads\/2023\/05\/Hekamerk_horisontaalne_RGB_1200.png","contentUrl":"https:\/\/www.genoke.com\/wp-content\/uploads\/2023\/05\/Hekamerk_horisontaalne_RGB_1200.png","width":1200,"height":400},{"@type":"BreadcrumbList","@id":"https:\/\/www.genoke.com\/fi\/edasimuujad\/#breadcrumb","itemListElement":[{"@type":"ListItem","position":1,"name":"Home","item":"https:\/\/www.genoke.com\/fi\/"},{"@type":"ListItem","position":2,"name":"Edasim\u00fc\u00fcjad"}]},{"@type":"WebSite","@id":"https:\/\/www.genoke.com\/fi\/#website","url":"https:\/\/www.genoke.com\/fi\/","name":"GENOKE Trading O\u00dc","description":"Juhtiv passiivse tulekaitse lahenduste maaletooja Balti riikides ja Soomes.","publisher":{"@id":"https:\/\/www.genoke.com\/fi\/#organization"},"alternateName":"Tenmat BrandShield EI","potentialAction":[{"@type":"SearchAction","target":{"@type":"EntryPoint","urlTemplate":"https:\/\/www.genoke.com\/fi\/?s={search_term_string}"},"query-input":"required name=search_term_string"}],"inLanguage":"fi"},{"@type":"Organization","@id":"https:\/\/www.genoke.com\/fi\/#organization","name":"GENOKE Trading O\u00dc","url":"https:\/\/www.genoke.com\/fi\/","logo":{"@type":"ImageObject","inLanguage":"fi","@id":"https:\/\/www.genoke.com\/fi\/#\/schema\/logo\/image\/","url":"https:\/\/www.genoke.com\/wp-content\/uploads\/2021\/03\/Genoke_logo-blue.png","contentUrl":"https:\/\/www.genoke.com\/wp-content\/uploads\/2021\/03\/Genoke_logo-blue.png","width":1200,"height":1481,"caption":"GENOKE Trading O\u00dc"},"image":{"@id":"https:\/\/www.genoke.com\/fi\/#\/schema\/logo\/image\/"},"sameAs":["https:\/\/www.facebook.com\/search\/top?q=genoke"]}]}},"_links":{"self":[{"href":"https:\/\/www.genoke.com\/fi\/wp-json\/wp\/v2\/pages\/1649","targetHints":{"allow":["GET"]}}],"collection":[{"href":"https:\/\/www.genoke.com\/fi\/wp-json\/wp\/v2\/pages"}],"about":[{"href":"https:\/\/www.genoke.com\/fi\/wp-json\/wp\/v2\/types\/page"}],"author":[{"embeddable":true,"href":"https:\/\/www.genoke.com\/fi\/wp-json\/wp\/v2\/users\/1"}],"replies":[{"embeddable":true,"href":"https:\/\/www.genoke.com\/fi\/wp-json\/wp\/v2\/comments?post=1649"}],"version-history":[{"count":27,"href":"https:\/\/www.genoke.com\/fi\/wp-json\/wp\/v2\/pages\/1649\/revisions"}],"predecessor-version":[{"id":3161,"href":"https:\/\/www.genoke.com\/fi\/wp-json\/wp\/v2\/pages\/1649\/revisions\/3161"}],"wp:attachment":[{"href":"https:\/\/www.genoke.com\/fi\/wp-json\/wp\/v2\/media?parent=1649"}],"curies":[{"name":"wp","href":"https:\/\/api.w.org\/{rel}","templated":true}]}}