{"id":1545,"date":"2021-03-01T16:53:59","date_gmt":"2021-03-01T16:53:59","guid":{"rendered":"https:\/\/www.genoke.com\/esileht\/"},"modified":"2023-03-26T16:04:12","modified_gmt":"2023-03-26T16:04:12","slug":"esileht","status":"publish","type":"page","link":"https:\/\/www.genoke.com\/lt\/","title":{"rendered":"Esileht"},"content":{"rendered":"\t\t<div data-elementor-type=\"wp-page\" data-elementor-id=\"1545\" class=\"elementor elementor-1545 elementor-17\">\n\t\t\t\t\t\t\t\t\t<section data-particle_enable=\"false\" data-particle-mobile-disabled=\"false\" class=\"elementor-section elementor-top-section elementor-element elementor-element-a9331fb elementor-section-height-full elementor-section-boxed elementor-section-height-default elementor-section-items-middle\" data-id=\"a9331fb\" data-element_type=\"section\" data-settings=\"{&quot;background_background&quot;:&quot;classic&quot;}\">\n\t\t\t\t\t\t\t<div class=\"elementor-background-overlay\"><\/div>\n\t\t\t\t\t\t\t<div class=\"elementor-container elementor-column-gap-default\">\n\t\t\t\t\t<div class=\"elementor-column elementor-col-100 elementor-top-column elementor-element elementor-element-c73370e front_column\" data-id=\"c73370e\" data-element_type=\"column\" data-settings=\"{&quot;background_background&quot;:&quot;classic&quot;}\">\n\t\t\t<div class=\"elementor-widget-wrap elementor-element-populated\">\n\t\t\t\t\t<div class=\"elementor-background-overlay\"><\/div>\n\t\t\t\t\t\t\t\t<div class=\"elementor-element elementor-element-6918cca elementor-widget elementor-widget-heading\" data-id=\"6918cca\" data-element_type=\"widget\" data-widget_type=\"heading.default\">\n\t\t\t\t<div class=\"elementor-widget-container\">\n\t\t\t<h2 class=\"elementor-heading-title elementor-size-default\">Esame pirmaujanti pasyvios prie\u0161gaisrin\u0117s apsaugos sprendim\u0173 importuotoja Baltijos \u0161alyse ir Skandinavijos \u0161alyse<\/h2>\t\t<\/div>\n\t\t\t\t<\/div>\n\t\t\t\t<div class=\"elementor-element elementor-element-4a25ceb elementor-widget elementor-widget-text-editor\" data-id=\"4a25ceb\" data-element_type=\"widget\" data-widget_type=\"text-editor.default\">\n\t\t\t\t<div class=\"elementor-widget-container\">\n\t\t\t\t\t\t\t<p><span class=\"HwtZe\" lang=\"lt\"><span class=\"jCAhz ChMk0b\"><span class=\"ryNqvb\">Atstovaujame kelet\u0105 \u017einom\u0173 Europos preki\u0173 \u017eenkl\u0173, tod\u0117l si\u016blome geriausius ir efektyviausius sprendimus.<\/span><\/span> <span class=\"jCAhz ChMk0b\"><span class=\"ryNqvb\">Pagrindiniai m\u016bs\u0173 klientai \u2013 \u012fmon\u0117s, teikian\u010dios prie\u0161gaisrin\u0117s \u012frangos montavimo ir prie\u0161gaisrin\u0117s saugos konsultacijas.<\/span><\/span><\/span><\/p>\t\t\t\t\t\t<\/div>\n\t\t\t\t<\/div>\n\t\t\t\t<section data-particle_enable=\"false\" data-particle-mobile-disabled=\"false\" class=\"elementor-section elementor-inner-section elementor-element elementor-element-9ac9648 elementor-section-boxed elementor-section-height-default elementor-section-height-default\" data-id=\"9ac9648\" data-element_type=\"section\">\n\t\t\t\t\t\t<div class=\"elementor-container elementor-column-gap-default\">\n\t\t\t\t\t<div class=\"elementor-column elementor-col-50 elementor-inner-column elementor-element elementor-element-fa73a56\" data-id=\"fa73a56\" data-element_type=\"column\">\n\t\t\t<div class=\"elementor-widget-wrap elementor-element-populated\">\n\t\t\t\t\t\t\t\t<div class=\"elementor-element elementor-element-b4a9875 elementor-align-right elementor-mobile-align-center elementor-widget elementor-widget-button\" data-id=\"b4a9875\" data-element_type=\"widget\" data-widget_type=\"button.default\">\n\t\t\t\t<div class=\"elementor-widget-container\">\n\t\t\t\t\t<div class=\"elementor-button-wrapper\">\n\t\t\t<a href=\"https:\/\/www.genoke.com\/lt\/tooted\/\" class=\"elementor-button-link elementor-button elementor-size-sm\" role=\"button\">\n\t\t\t\t\t\t<span class=\"elementor-button-content-wrapper\">\n\t\t\t\t\t\t<span class=\"elementor-button-text\">PRODUKTAMS<\/span>\n\t\t<\/span>\n\t\t\t\t\t<\/a>\n\t\t<\/div>\n\t\t\t\t<\/div>\n\t\t\t\t<\/div>\n\t\t\t\t\t<\/div>\n\t\t<\/div>\n\t\t\t\t<div class=\"elementor-column elementor-col-50 elementor-inner-column elementor-element elementor-element-f3bd792\" data-id=\"f3bd792\" data-element_type=\"column\">\n\t\t\t<div class=\"elementor-widget-wrap elementor-element-populated\">\n\t\t\t\t\t\t\t\t<div class=\"elementor-element elementor-element-21caea5 elementor-align-left elementor-mobile-align-center elementor-widget elementor-widget-button\" data-id=\"21caea5\" data-element_type=\"widget\" data-widget_type=\"button.default\">\n\t\t\t\t<div class=\"elementor-widget-container\">\n\t\t\t\t\t<div class=\"elementor-button-wrapper\">\n\t\t\t<a href=\"https:\/\/www.genoke.com\/lt\/kontakt\/\" class=\"elementor-button-link elementor-button elementor-size-sm\" role=\"button\">\n\t\t\t\t\t\t<span class=\"elementor-button-content-wrapper\">\n\t\t\t\t\t\t<span class=\"elementor-button-text\">SUSISIEKITE SU MUMIS<\/span>\n\t\t<\/span>\n\t\t\t\t\t<\/a>\n\t\t<\/div>\n\t\t\t\t<\/div>\n\t\t\t\t<\/div>\n\t\t\t\t\t<\/div>\n\t\t<\/div>\n\t\t\t\t\t\t\t<\/div>\n\t\t<\/section>\n\t\t\t\t\t<\/div>\n\t\t<\/div>\n\t\t\t\t\t\t\t<\/div>\n\t\t<\/section>\n\t\t\t\t\t\t\t<\/div>\n\t\t","protected":false},"excerpt":{"rendered":"<p>Esame pirmaujanti pasyvios prie\u0161gaisrin\u0117s apsaugos sprendim\u0173 importuotoja Baltijos \u0161alyse ir Skandinavijos \u0161alyse Atstovaujame kelet\u0105 \u017einom\u0173 Europos preki\u0173 \u017eenkl\u0173, tod\u0117l si\u016blome geriausius ir efektyviausius sprendimus. Pagrindiniai m\u016bs\u0173 klientai \u2013 \u012fmon\u0117s, teikian\u010dios prie\u0161gaisrin\u0117s \u012frangos montavimo ir prie\u0161gaisrin\u0117s saugos konsultacijas. PRODUKTAMS SUSISIEKITE SU MUMIS<\/p>\n","protected":false},"author":1,"featured_media":0,"parent":0,"menu_order":0,"comment_status":"closed","ping_status":"closed","template":"","meta":{"footnotes":""},"class_list":["post-1545","page","type-page","status-publish","hentry"],"yoast_head":"<!-- This site is optimized with the Yoast SEO plugin v22.2 - https:\/\/yoast.com\/wordpress\/plugins\/seo\/ -->\n<title>Esileht - GENOKE Trading O\u00dc<\/title>\n<meta name=\"description\" content=\"Tenmat BrandShield EI\" \/>\n<meta name=\"robots\" content=\"index, follow, max-snippet:-1, max-image-preview:large, max-video-preview:-1\" \/>\n<link rel=\"canonical\" href=\"https:\/\/www.genoke.com\/lt\/\" \/>\n<meta property=\"og:locale\" content=\"lt_LT\" \/>\n<meta property=\"og:type\" content=\"article\" \/>\n<meta property=\"og:title\" content=\"Esileht - GENOKE Trading O\u00dc\" \/>\n<meta property=\"og:description\" content=\"Tenmat BrandShield EI\" \/>\n<meta property=\"og:url\" content=\"https:\/\/www.genoke.com\/lt\/\" \/>\n<meta property=\"og:site_name\" content=\"GENOKE Trading O\u00dc\" \/>\n<meta property=\"article:publisher\" content=\"https:\/\/www.facebook.com\/search\/top?q=genoke\" \/>\n<meta property=\"article:modified_time\" content=\"2023-03-26T16:04:12+00:00\" \/>\n<meta name=\"twitter:card\" content=\"summary_large_image\" \/>\n<meta name=\"twitter:label1\" content=\"Est. reading time\" \/>\n\t<meta name=\"twitter:data1\" content=\"1 minut\u0117\" \/>\n<script type=\"application\/ld+json\" class=\"yoast-schema-graph\">{\"@context\":\"https:\/\/schema.org\",\"@graph\":[{\"@type\":\"WebPage\",\"@id\":\"https:\/\/www.genoke.com\/lt\/\",\"url\":\"https:\/\/www.genoke.com\/lt\/\",\"name\":\"Esileht - GENOKE Trading O\u00dc\",\"isPartOf\":{\"@id\":\"https:\/\/www.genoke.com\/lt\/#website\"},\"datePublished\":\"2021-03-01T16:53:59+00:00\",\"dateModified\":\"2023-03-26T16:04:12+00:00\",\"description\":\"Tenmat BrandShield EI\",\"breadcrumb\":{\"@id\":\"https:\/\/www.genoke.com\/lt\/#breadcrumb\"},\"inLanguage\":\"lt-LT\",\"potentialAction\":[{\"@type\":\"ReadAction\",\"target\":[\"https:\/\/www.genoke.com\/lt\/\"]}]},{\"@type\":\"BreadcrumbList\",\"@id\":\"https:\/\/www.genoke.com\/lt\/#breadcrumb\",\"itemListElement\":[{\"@type\":\"ListItem\",\"position\":1,\"name\":\"Home\",\"item\":\"https:\/\/www.genoke.com\/lt\/\"},{\"@type\":\"ListItem\",\"position\":2,\"name\":\"Esileht\"}]},{\"@type\":\"WebSite\",\"@id\":\"https:\/\/www.genoke.com\/lt\/#website\",\"url\":\"https:\/\/www.genoke.com\/lt\/\",\"name\":\"GENOKE Trading O\u00dc\",\"description\":\"Juhtiv passiivse tulekaitse lahenduste maaletooja Balti riikides ja Soomes.\",\"publisher\":{\"@id\":\"https:\/\/www.genoke.com\/lt\/#organization\"},\"alternateName\":\"Tenmat BrandShield EI\",\"potentialAction\":[{\"@type\":\"SearchAction\",\"target\":{\"@type\":\"EntryPoint\",\"urlTemplate\":\"https:\/\/www.genoke.com\/lt\/?s={search_term_string}\"},\"query-input\":\"required name=search_term_string\"}],\"inLanguage\":\"lt-LT\"},{\"@type\":\"Organization\",\"@id\":\"https:\/\/www.genoke.com\/lt\/#organization\",\"name\":\"GENOKE Trading O\u00dc\",\"url\":\"https:\/\/www.genoke.com\/lt\/\",\"logo\":{\"@type\":\"ImageObject\",\"inLanguage\":\"lt-LT\",\"@id\":\"https:\/\/www.genoke.com\/lt\/#\/schema\/logo\/image\/\",\"url\":\"https:\/\/www.genoke.com\/wp-content\/uploads\/2021\/03\/Genoke_logo-blue.png\",\"contentUrl\":\"https:\/\/www.genoke.com\/wp-content\/uploads\/2021\/03\/Genoke_logo-blue.png\",\"width\":1200,\"height\":1481,\"caption\":\"GENOKE Trading O\u00dc\"},\"image\":{\"@id\":\"https:\/\/www.genoke.com\/lt\/#\/schema\/logo\/image\/\"},\"sameAs\":[\"https:\/\/www.facebook.com\/search\/top?q=genoke\"]}]}<\/script>\n<!-- \/ Yoast SEO plugin. -->","yoast_head_json":{"title":"Esileht - GENOKE Trading O\u00dc","description":"Tenmat BrandShield EI","robots":{"index":"index","follow":"follow","max-snippet":"max-snippet:-1","max-image-preview":"max-image-preview:large","max-video-preview":"max-video-preview:-1"},"canonical":"https:\/\/www.genoke.com\/lt\/","og_locale":"lt_LT","og_type":"article","og_title":"Esileht - GENOKE Trading O\u00dc","og_description":"Tenmat BrandShield EI","og_url":"https:\/\/www.genoke.com\/lt\/","og_site_name":"GENOKE Trading O\u00dc","article_publisher":"https:\/\/www.facebook.com\/search\/top?q=genoke","article_modified_time":"2023-03-26T16:04:12+00:00","twitter_card":"summary_large_image","twitter_misc":{"Est. reading time":"1 minut\u0117"},"schema":{"@context":"https:\/\/schema.org","@graph":[{"@type":"WebPage","@id":"https:\/\/www.genoke.com\/lt\/","url":"https:\/\/www.genoke.com\/lt\/","name":"Esileht - GENOKE Trading O\u00dc","isPartOf":{"@id":"https:\/\/www.genoke.com\/lt\/#website"},"datePublished":"2021-03-01T16:53:59+00:00","dateModified":"2023-03-26T16:04:12+00:00","description":"Tenmat BrandShield EI","breadcrumb":{"@id":"https:\/\/www.genoke.com\/lt\/#breadcrumb"},"inLanguage":"lt-LT","potentialAction":[{"@type":"ReadAction","target":["https:\/\/www.genoke.com\/lt\/"]}]},{"@type":"BreadcrumbList","@id":"https:\/\/www.genoke.com\/lt\/#breadcrumb","itemListElement":[{"@type":"ListItem","position":1,"name":"Home","item":"https:\/\/www.genoke.com\/lt\/"},{"@type":"ListItem","position":2,"name":"Esileht"}]},{"@type":"WebSite","@id":"https:\/\/www.genoke.com\/lt\/#website","url":"https:\/\/www.genoke.com\/lt\/","name":"GENOKE Trading O\u00dc","description":"Juhtiv passiivse tulekaitse lahenduste maaletooja Balti riikides ja Soomes.","publisher":{"@id":"https:\/\/www.genoke.com\/lt\/#organization"},"alternateName":"Tenmat BrandShield EI","potentialAction":[{"@type":"SearchAction","target":{"@type":"EntryPoint","urlTemplate":"https:\/\/www.genoke.com\/lt\/?s={search_term_string}"},"query-input":"required name=search_term_string"}],"inLanguage":"lt-LT"},{"@type":"Organization","@id":"https:\/\/www.genoke.com\/lt\/#organization","name":"GENOKE Trading O\u00dc","url":"https:\/\/www.genoke.com\/lt\/","logo":{"@type":"ImageObject","inLanguage":"lt-LT","@id":"https:\/\/www.genoke.com\/lt\/#\/schema\/logo\/image\/","url":"https:\/\/www.genoke.com\/wp-content\/uploads\/2021\/03\/Genoke_logo-blue.png","contentUrl":"https:\/\/www.genoke.com\/wp-content\/uploads\/2021\/03\/Genoke_logo-blue.png","width":1200,"height":1481,"caption":"GENOKE Trading O\u00dc"},"image":{"@id":"https:\/\/www.genoke.com\/lt\/#\/schema\/logo\/image\/"},"sameAs":["https:\/\/www.facebook.com\/search\/top?q=genoke"]}]}},"_links":{"self":[{"href":"https:\/\/www.genoke.com\/lt\/wp-json\/wp\/v2\/pages\/1545","targetHints":{"allow":["GET"]}}],"collection":[{"href":"https:\/\/www.genoke.com\/lt\/wp-json\/wp\/v2\/pages"}],"about":[{"href":"https:\/\/www.genoke.com\/lt\/wp-json\/wp\/v2\/types\/page"}],"author":[{"embeddable":true,"href":"https:\/\/www.genoke.com\/lt\/wp-json\/wp\/v2\/users\/1"}],"replies":[{"embeddable":true,"href":"https:\/\/www.genoke.com\/lt\/wp-json\/wp\/v2\/comments?post=1545"}],"version-history":[{"count":38,"href":"https:\/\/www.genoke.com\/lt\/wp-json\/wp\/v2\/pages\/1545\/revisions"}],"predecessor-version":[{"id":2561,"href":"https:\/\/www.genoke.com\/lt\/wp-json\/wp\/v2\/pages\/1545\/revisions\/2561"}],"wp:attachment":[{"href":"https:\/\/www.genoke.com\/lt\/wp-json\/wp\/v2\/media?parent=1545"}],"curies":[{"name":"wp","href":"https:\/\/api.w.org\/{rel}","templated":true}]}}