{"id":1544,"date":"2021-03-01T16:53:59","date_gmt":"2021-03-01T16:53:59","guid":{"rendered":"https:\/\/www.genoke.com\/esileht\/"},"modified":"2024-03-10T21:08:47","modified_gmt":"2024-03-10T21:08:47","slug":"esileht","status":"publish","type":"page","link":"https:\/\/www.genoke.com\/lv\/","title":{"rendered":"Esileht"},"content":{"rendered":"\t\t<div data-elementor-type=\"wp-page\" data-elementor-id=\"1544\" class=\"elementor elementor-1544 elementor-17\">\n\t\t\t\t\t\t\t\t\t<section data-particle_enable=\"false\" data-particle-mobile-disabled=\"false\" class=\"elementor-section elementor-top-section elementor-element elementor-element-a9331fb elementor-section-height-full elementor-section-boxed elementor-section-height-default elementor-section-items-middle\" data-id=\"a9331fb\" data-element_type=\"section\" data-settings=\"{&quot;background_background&quot;:&quot;classic&quot;}\">\n\t\t\t\t\t\t\t<div class=\"elementor-background-overlay\"><\/div>\n\t\t\t\t\t\t\t<div class=\"elementor-container elementor-column-gap-default\">\n\t\t\t\t\t<div class=\"elementor-column elementor-col-100 elementor-top-column elementor-element elementor-element-c73370e front_column\" data-id=\"c73370e\" data-element_type=\"column\" data-settings=\"{&quot;background_background&quot;:&quot;classic&quot;}\">\n\t\t\t<div class=\"elementor-widget-wrap elementor-element-populated\">\n\t\t\t\t\t<div class=\"elementor-background-overlay\"><\/div>\n\t\t\t\t\t\t\t\t<div class=\"elementor-element elementor-element-6918cca elementor-widget elementor-widget-heading\" data-id=\"6918cca\" data-element_type=\"widget\" data-widget_type=\"heading.default\">\n\t\t\t\t<div class=\"elementor-widget-container\">\n\t\t\t<h2 class=\"elementor-heading-title elementor-size-default\">M\u0112S ESAM VADO\u0160AIS PAS\u012aVO UGUNSAIZSARDZ\u012aBAS RISIN\u0100JUMU IMPORT\u0112T\u0100JS BALTIJAS VALST\u012aS UN SKANDIN\u0100VIJAS VALST\u012aS<\/h2>\t\t<\/div>\n\t\t\t\t<\/div>\n\t\t\t\t<div class=\"elementor-element elementor-element-4a25ceb elementor-widget elementor-widget-text-editor\" data-id=\"4a25ceb\" data-element_type=\"widget\" data-widget_type=\"text-editor.default\">\n\t\t\t\t<div class=\"elementor-widget-container\">\n\t\t\t\t\t\t\t<p lang=\"lv-LV\"><span style=\"color: #ffffff;\">M\u0113s p\u0101rst\u0101vam vair\u0101kus paz\u012bstamus Eiropas z\u012bmolus, t\u0101p\u0113c pied\u0101v\u0101jam lab\u0101kos un efekt\u012bv\u0101kos risin\u0101jumus.\u00a0M\u016bsu galvenie klienti ir uz\u0146\u0113mumi, kas sniedz ugunsdro\u0161\u012bbas iek\u0101rtu uzst\u0101d\u012b\u0161anu un konsult\u0101cijas ugunsdro\u0161\u012bbas jom\u0101.<\/span><\/p>\t\t\t\t\t\t<\/div>\n\t\t\t\t<\/div>\n\t\t\t\t<section data-particle_enable=\"false\" data-particle-mobile-disabled=\"false\" class=\"elementor-section elementor-inner-section elementor-element elementor-element-9ac9648 elementor-section-boxed elementor-section-height-default elementor-section-height-default\" data-id=\"9ac9648\" data-element_type=\"section\">\n\t\t\t\t\t\t<div class=\"elementor-container elementor-column-gap-default\">\n\t\t\t\t\t<div class=\"elementor-column elementor-col-50 elementor-inner-column elementor-element elementor-element-fa73a56\" data-id=\"fa73a56\" data-element_type=\"column\">\n\t\t\t<div class=\"elementor-widget-wrap elementor-element-populated\">\n\t\t\t\t\t\t\t\t<div class=\"elementor-element elementor-element-b4a9875 elementor-align-right elementor-mobile-align-center elementor-widget elementor-widget-button\" data-id=\"b4a9875\" data-element_type=\"widget\" data-widget_type=\"button.default\">\n\t\t\t\t<div class=\"elementor-widget-container\">\n\t\t\t\t\t<div class=\"elementor-button-wrapper\">\n\t\t\t<a href=\"https:\/\/www.genoke.com\/lv\/tooted\/\" class=\"elementor-button-link elementor-button elementor-size-sm\" role=\"button\">\n\t\t\t\t\t\t<span class=\"elementor-button-content-wrapper\">\n\t\t\t\t\t\t<span class=\"elementor-button-text\">PRODUKTIEM<\/span>\n\t\t<\/span>\n\t\t\t\t\t<\/a>\n\t\t<\/div>\n\t\t\t\t<\/div>\n\t\t\t\t<\/div>\n\t\t\t\t\t<\/div>\n\t\t<\/div>\n\t\t\t\t<div class=\"elementor-column elementor-col-50 elementor-inner-column elementor-element elementor-element-f3bd792\" data-id=\"f3bd792\" data-element_type=\"column\">\n\t\t\t<div class=\"elementor-widget-wrap elementor-element-populated\">\n\t\t\t\t\t\t\t\t<div class=\"elementor-element elementor-element-21caea5 elementor-align-left elementor-mobile-align-center elementor-widget elementor-widget-button\" data-id=\"21caea5\" data-element_type=\"widget\" data-widget_type=\"button.default\">\n\t\t\t\t<div class=\"elementor-widget-container\">\n\t\t\t\t\t<div class=\"elementor-button-wrapper\">\n\t\t\t<a href=\"https:\/\/www.genoke.com\/lv\/kontakt\/\" class=\"elementor-button-link elementor-button elementor-size-sm\" role=\"button\">\n\t\t\t\t\t\t<span class=\"elementor-button-content-wrapper\">\n\t\t\t\t\t\t<span class=\"elementor-button-text\">SAZINIETIES AR MUMS<\/span>\n\t\t<\/span>\n\t\t\t\t\t<\/a>\n\t\t<\/div>\n\t\t\t\t<\/div>\n\t\t\t\t<\/div>\n\t\t\t\t\t<\/div>\n\t\t<\/div>\n\t\t\t\t\t\t\t<\/div>\n\t\t<\/section>\n\t\t\t\t\t<\/div>\n\t\t<\/div>\n\t\t\t\t\t\t\t<\/div>\n\t\t<\/section>\n\t\t\t\t\t\t\t<\/div>\n\t\t","protected":false},"excerpt":{"rendered":"<p>M\u0112S ESAM VADO\u0160AIS PAS\u012aVO UGUNSAIZSARDZ\u012aBAS RISIN\u0100JUMU IMPORT\u0112T\u0100JS BALTIJAS VALST\u012aS UN SKANDIN\u0100VIJAS VALST\u012aS M\u0113s p\u0101rst\u0101vam vair\u0101kus paz\u012bstamus Eiropas z\u012bmolus, t\u0101p\u0113c pied\u0101v\u0101jam lab\u0101kos un efekt\u012bv\u0101kos risin\u0101jumus.\u00a0M\u016bsu galvenie klienti ir uz\u0146\u0113mumi, kas sniedz ugunsdro\u0161\u012bbas iek\u0101rtu uzst\u0101d\u012b\u0161anu un konsult\u0101cijas ugunsdro\u0161\u012bbas jom\u0101. PRODUKTIEM SAZINIETIES AR MUMS<\/p>\n","protected":false},"author":1,"featured_media":0,"parent":0,"menu_order":0,"comment_status":"closed","ping_status":"closed","template":"","meta":{"footnotes":""},"class_list":["post-1544","page","type-page","status-publish","hentry"],"yoast_head":"<!-- This site is optimized with the Yoast SEO plugin v22.2 - https:\/\/yoast.com\/wordpress\/plugins\/seo\/ -->\n<title>Esileht - GENOKE Trading O\u00dc<\/title>\n<meta name=\"description\" content=\"Tenmat BrandShield EI\" \/>\n<meta name=\"robots\" content=\"index, follow, max-snippet:-1, max-image-preview:large, max-video-preview:-1\" \/>\n<link rel=\"canonical\" href=\"https:\/\/www.genoke.com\/lv\/\" \/>\n<meta property=\"og:locale\" content=\"lv_LV\" \/>\n<meta property=\"og:type\" content=\"article\" \/>\n<meta property=\"og:title\" content=\"Esileht - GENOKE Trading O\u00dc\" \/>\n<meta property=\"og:description\" content=\"Tenmat BrandShield EI\" \/>\n<meta property=\"og:url\" content=\"https:\/\/www.genoke.com\/lv\/\" \/>\n<meta property=\"og:site_name\" content=\"GENOKE Trading O\u00dc\" \/>\n<meta property=\"article:publisher\" content=\"https:\/\/www.facebook.com\/search\/top?q=genoke\" \/>\n<meta property=\"article:modified_time\" content=\"2024-03-10T21:08:47+00:00\" \/>\n<meta name=\"twitter:card\" content=\"summary_large_image\" \/>\n<meta name=\"twitter:label1\" content=\"Est. reading time\" \/>\n\t<meta name=\"twitter:data1\" content=\"1 minute\" \/>\n<script type=\"application\/ld+json\" class=\"yoast-schema-graph\">{\"@context\":\"https:\/\/schema.org\",\"@graph\":[{\"@type\":\"WebPage\",\"@id\":\"https:\/\/www.genoke.com\/lv\/\",\"url\":\"https:\/\/www.genoke.com\/lv\/\",\"name\":\"Esileht - GENOKE Trading O\u00dc\",\"isPartOf\":{\"@id\":\"https:\/\/www.genoke.com\/lv\/#website\"},\"datePublished\":\"2021-03-01T16:53:59+00:00\",\"dateModified\":\"2024-03-10T21:08:47+00:00\",\"description\":\"Tenmat BrandShield EI\",\"breadcrumb\":{\"@id\":\"https:\/\/www.genoke.com\/lv\/#breadcrumb\"},\"inLanguage\":\"lv-LV\",\"potentialAction\":[{\"@type\":\"ReadAction\",\"target\":[\"https:\/\/www.genoke.com\/lv\/\"]}]},{\"@type\":\"BreadcrumbList\",\"@id\":\"https:\/\/www.genoke.com\/lv\/#breadcrumb\",\"itemListElement\":[{\"@type\":\"ListItem\",\"position\":1,\"name\":\"Home\",\"item\":\"https:\/\/www.genoke.com\/lv\/\"},{\"@type\":\"ListItem\",\"position\":2,\"name\":\"Esileht\"}]},{\"@type\":\"WebSite\",\"@id\":\"https:\/\/www.genoke.com\/lv\/#website\",\"url\":\"https:\/\/www.genoke.com\/lv\/\",\"name\":\"GENOKE Trading O\u00dc\",\"description\":\"Juhtiv passiivse tulekaitse lahenduste maaletooja Balti riikides ja Soomes.\",\"publisher\":{\"@id\":\"https:\/\/www.genoke.com\/lv\/#organization\"},\"alternateName\":\"Tenmat BrandShield EI\",\"potentialAction\":[{\"@type\":\"SearchAction\",\"target\":{\"@type\":\"EntryPoint\",\"urlTemplate\":\"https:\/\/www.genoke.com\/lv\/?s={search_term_string}\"},\"query-input\":\"required name=search_term_string\"}],\"inLanguage\":\"lv-LV\"},{\"@type\":\"Organization\",\"@id\":\"https:\/\/www.genoke.com\/lv\/#organization\",\"name\":\"GENOKE Trading O\u00dc\",\"url\":\"https:\/\/www.genoke.com\/lv\/\",\"logo\":{\"@type\":\"ImageObject\",\"inLanguage\":\"lv-LV\",\"@id\":\"https:\/\/www.genoke.com\/lv\/#\/schema\/logo\/image\/\",\"url\":\"https:\/\/www.genoke.com\/wp-content\/uploads\/2021\/03\/Genoke_logo-blue.png\",\"contentUrl\":\"https:\/\/www.genoke.com\/wp-content\/uploads\/2021\/03\/Genoke_logo-blue.png\",\"width\":1200,\"height\":1481,\"caption\":\"GENOKE Trading O\u00dc\"},\"image\":{\"@id\":\"https:\/\/www.genoke.com\/lv\/#\/schema\/logo\/image\/\"},\"sameAs\":[\"https:\/\/www.facebook.com\/search\/top?q=genoke\"]}]}<\/script>\n<!-- \/ Yoast SEO plugin. -->","yoast_head_json":{"title":"Esileht - GENOKE Trading O\u00dc","description":"Tenmat BrandShield EI","robots":{"index":"index","follow":"follow","max-snippet":"max-snippet:-1","max-image-preview":"max-image-preview:large","max-video-preview":"max-video-preview:-1"},"canonical":"https:\/\/www.genoke.com\/lv\/","og_locale":"lv_LV","og_type":"article","og_title":"Esileht - GENOKE Trading O\u00dc","og_description":"Tenmat BrandShield EI","og_url":"https:\/\/www.genoke.com\/lv\/","og_site_name":"GENOKE Trading O\u00dc","article_publisher":"https:\/\/www.facebook.com\/search\/top?q=genoke","article_modified_time":"2024-03-10T21:08:47+00:00","twitter_card":"summary_large_image","twitter_misc":{"Est. reading time":"1 minute"},"schema":{"@context":"https:\/\/schema.org","@graph":[{"@type":"WebPage","@id":"https:\/\/www.genoke.com\/lv\/","url":"https:\/\/www.genoke.com\/lv\/","name":"Esileht - GENOKE Trading O\u00dc","isPartOf":{"@id":"https:\/\/www.genoke.com\/lv\/#website"},"datePublished":"2021-03-01T16:53:59+00:00","dateModified":"2024-03-10T21:08:47+00:00","description":"Tenmat BrandShield EI","breadcrumb":{"@id":"https:\/\/www.genoke.com\/lv\/#breadcrumb"},"inLanguage":"lv-LV","potentialAction":[{"@type":"ReadAction","target":["https:\/\/www.genoke.com\/lv\/"]}]},{"@type":"BreadcrumbList","@id":"https:\/\/www.genoke.com\/lv\/#breadcrumb","itemListElement":[{"@type":"ListItem","position":1,"name":"Home","item":"https:\/\/www.genoke.com\/lv\/"},{"@type":"ListItem","position":2,"name":"Esileht"}]},{"@type":"WebSite","@id":"https:\/\/www.genoke.com\/lv\/#website","url":"https:\/\/www.genoke.com\/lv\/","name":"GENOKE Trading O\u00dc","description":"Juhtiv passiivse tulekaitse lahenduste maaletooja Balti riikides ja Soomes.","publisher":{"@id":"https:\/\/www.genoke.com\/lv\/#organization"},"alternateName":"Tenmat BrandShield EI","potentialAction":[{"@type":"SearchAction","target":{"@type":"EntryPoint","urlTemplate":"https:\/\/www.genoke.com\/lv\/?s={search_term_string}"},"query-input":"required name=search_term_string"}],"inLanguage":"lv-LV"},{"@type":"Organization","@id":"https:\/\/www.genoke.com\/lv\/#organization","name":"GENOKE Trading O\u00dc","url":"https:\/\/www.genoke.com\/lv\/","logo":{"@type":"ImageObject","inLanguage":"lv-LV","@id":"https:\/\/www.genoke.com\/lv\/#\/schema\/logo\/image\/","url":"https:\/\/www.genoke.com\/wp-content\/uploads\/2021\/03\/Genoke_logo-blue.png","contentUrl":"https:\/\/www.genoke.com\/wp-content\/uploads\/2021\/03\/Genoke_logo-blue.png","width":1200,"height":1481,"caption":"GENOKE Trading O\u00dc"},"image":{"@id":"https:\/\/www.genoke.com\/lv\/#\/schema\/logo\/image\/"},"sameAs":["https:\/\/www.facebook.com\/search\/top?q=genoke"]}]}},"_links":{"self":[{"href":"https:\/\/www.genoke.com\/lv\/wp-json\/wp\/v2\/pages\/1544","targetHints":{"allow":["GET"]}}],"collection":[{"href":"https:\/\/www.genoke.com\/lv\/wp-json\/wp\/v2\/pages"}],"about":[{"href":"https:\/\/www.genoke.com\/lv\/wp-json\/wp\/v2\/types\/page"}],"author":[{"embeddable":true,"href":"https:\/\/www.genoke.com\/lv\/wp-json\/wp\/v2\/users\/1"}],"replies":[{"embeddable":true,"href":"https:\/\/www.genoke.com\/lv\/wp-json\/wp\/v2\/comments?post=1544"}],"version-history":[{"count":56,"href":"https:\/\/www.genoke.com\/lv\/wp-json\/wp\/v2\/pages\/1544\/revisions"}],"predecessor-version":[{"id":2847,"href":"https:\/\/www.genoke.com\/lv\/wp-json\/wp\/v2\/pages\/1544\/revisions\/2847"}],"wp:attachment":[{"href":"https:\/\/www.genoke.com\/lv\/wp-json\/wp\/v2\/media?parent=1544"}],"curies":[{"name":"wp","href":"https:\/\/api.w.org\/{rel}","templated":true}]}}